{"id":100343,"date":"2024-12-07T01:33:07","date_gmt":"2024-12-07T01:33:07","guid":{"rendered":"https:\/\/sehaceweb.com\/habitat180\/?page_id=100343"},"modified":"2024-12-11T02:43:00","modified_gmt":"2024-12-11T02:43:00","slug":"servicios-3","status":"publish","type":"page","link":"https:\/\/sehaceweb.com\/habitat180\/servicios-3\/","title":{"rendered":"Servicios"},"content":{"rendered":"<p>[et_pb_section fb_built=\u00bb1&#8243; _builder_version=\u00bb4.27.0&#8243; _module_preset=\u00bbdefault\u00bb background_color=\u00bb#FFFFFF\u00bb background_image=\u00bbhttps:\/\/sehaceweb.com\/habitat180\/wp-content\/uploads\/2024\/12\/Recurs2o-2.png\u00bb background_size=\u00bbcontain\u00bb background_position=\u00bbcenter_right\u00bb custom_padding=\u00bb77px||77px||true|\u00bb locked=\u00bboff\u00bb global_colors_info=\u00bb{}\u00bb][et_pb_row column_structure=\u00bb1_4,3_4&#8243; _builder_version=\u00bb4.16&#8243; _module_preset=\u00bbdefault\u00bb global_colors_info=\u00bb{}\u00bb][et_pb_column type=\u00bb1_4&#8243; _builder_version=\u00bb4.16&#8243; _module_preset=\u00bbdefault\u00bb global_colors_info=\u00bb{}\u00bb][et_pb_text _builder_version=\u00bb4.27.4&#8243; _module_preset=\u00bbdefault\u00bb text_font=\u00bbMontserrat|800|||||||\u00bb text_text_color=\u00bbgcid-a22f2c3a-dbdd-4f82-919b-32b4b80e0297&#8243; text_font_size=\u00bb44px\u00bb text_line_height=\u00bb1em\u00bb header_2_text_align=\u00bbcenter\u00bb custom_padding=\u00bb45px||0px|||\u00bb hover_enabled=\u00bb0&#8243; global_colors_info=\u00bb{%22gcid-a22f2c3a-dbdd-4f82-919b-32b4b80e0297%22:%91%22text_text_color%22%93}\u00bb custom_padding_last_edited=\u00bbon|phone\u00bb custom_padding_phone=\u00bb0px||45%||false|false\u00bb sticky_enabled=\u00bb0&#8243; custom_padding_tablet=\u00bb45px||0px|||\u00bb]<\/p>\n<p><span style=\"font-size: xx-large;\">SERVICIOS<\/span><br \/><span style=\"font-size: small;\"><span style=\"color: rgba(0, 0, 0, 0.33);\">Inicio<\/span> | Servicios<\/span><\/p>\n<p>[\/et_pb_text][\/et_pb_column][et_pb_column type=\u00bb3_4&#8243; _builder_version=\u00bb4.16&#8243; _module_preset=\u00bbdefault\u00bb global_colors_info=\u00bb{}\u00bb][\/et_pb_column][\/et_pb_row][\/et_pb_section][et_pb_section fb_built=\u00bb1&#8243; make_equal=\u00bbon\u00bb use_custom_gutter=\u00bbon\u00bb specialty=\u00bbon\u00bb background_color_1=\u00bbgcid-8a76fc37-2fb8-4fed-b54f-aff5831ec3ad\u00bb _builder_version=\u00bb4.27.0&#8243; _module_preset=\u00bbdefault\u00bb background_color=\u00bb#edf3f6&#8243; use_background_color_gradient=\u00bbon\u00bb background_color_gradient_direction=\u00bb270deg\u00bb background_color_gradient_stops=\u00bb#ffffff 8%|gcid-8a76fc37-2fb8-4fed-b54f-aff5831ec3ad 8%\u00bb width=\u00bb100%\u00bb max_width=\u00bb100%\u00bb inner_width=\u00bb100%\u00bb inner_max_width=\u00bb100%\u00bb custom_padding=\u00bb0px||0px|||\u00bb global_colors_info=\u00bb{%22gcid-8a76fc37-2fb8-4fed-b54f-aff5831ec3ad%22:%91%22background_color_1%22%93}\u00bb][et_pb_column type=\u00bb1_3&#8243; _builder_version=\u00bb4.16&#8243; custom_padding=\u00bb|||\u00bb global_colors_info=\u00bb{}\u00bb custom_padding__hover=\u00bb|||\u00bb][et_pb_image src=\u00bbhttps:\/\/sehaceweb.com\/habitat180\/wp-content\/uploads\/2024\/07\/comodidad.png\u00bb title_text=\u00bbcomodidad\u00bb _builder_version=\u00bb4.27.0&#8243; _module_preset=\u00bbdefault\u00bb global_colors_info=\u00bb{}\u00bb][\/et_pb_image][\/et_pb_column][et_pb_column type=\u00bb2_3&#8243; specialty_columns=\u00bb2&#8243; _builder_version=\u00bb4.16&#8243; custom_padding=\u00bb|||\u00bb global_colors_info=\u00bb{}\u00bb custom_padding__hover=\u00bb|||\u00bb][et_pb_row_inner _builder_version=\u00bb4.27.4&#8243; _module_preset=\u00bbdefault\u00bb custom_margin=\u00bb||||false|false\u00bb custom_padding=\u00bb|200px|||false|false\u00bb hover_enabled=\u00bb0&#8243; global_colors_info=\u00bb{}\u00bb custom_padding_last_edited=\u00bbon|phone\u00bb custom_padding_phone=\u00bb|17%||0px|false|false\u00bb sticky_enabled=\u00bb0&#8243; custom_padding_tablet=\u00bb|200px|||false|false\u00bb][et_pb_column_inner saved_specialty_column_type=\u00bb2_3&#8243; _builder_version=\u00bb4.27.0&#8243; _module_preset=\u00bbdefault\u00bb global_colors_info=\u00bb{}\u00bb][et_pb_text _builder_version=\u00bb4.27.0&#8243; _module_preset=\u00bbdefault\u00bb text_font=\u00bbMontserrat|700|||||||\u00bb text_text_color=\u00bbgcid-a22f2c3a-dbdd-4f82-919b-32b4b80e0297&#8243; text_font_size=\u00bb39px\u00bb text_line_height=\u00bb1.1em\u00bb custom_margin=\u00bb44px|||||\u00bb global_colors_info=\u00bb{%22gcid-a22f2c3a-dbdd-4f82-919b-32b4b80e0297%22:%91%22text_text_color%22%93}\u00bb]<\/p>\n<p>Priorizamos t\u00fa<br \/><span style=\"color: #0074c1;\">comodidad y bienestar<\/span><\/p>\n<p>[\/et_pb_text][et_pb_text _builder_version=\u00bb4.27.0&#8243; _module_preset=\u00bbdefault\u00bb text_font=\u00bbMontserrat||||||||\u00bb text_text_color=\u00bbgcid-13b97a4e-23da-4143-810d-7f519fc8d83e\u00bb text_font_size=\u00bb20px\u00bb text_line_height=\u00bb1.3em\u00bb text_orientation=\u00bbjustified\u00bb custom_margin=\u00bb||45px|||\u00bb global_colors_info=\u00bb{%22gcid-13b97a4e-23da-4143-810d-7f519fc8d83e%22:%91%22text_text_color%22%93}\u00bb]<\/p>\n<p>Nuestra misi\u00f3n es crear destinos excepcionales donde puedas desconectarte del mundo y disfrutar de una experiencia inolvidable. Ya sea para unas vacaciones relajantes o para establecer tu oficina temporal, nuestras locaciones est\u00e1n dise\u00f1adas para que cumplas tus metas y aproveches al m\u00e1ximo tu estancia.<\/p>\n<p>[\/et_pb_text][\/et_pb_column_inner][\/et_pb_row_inner][et_pb_row_inner column_structure=\u00bb1_3,1_3,1_3&#8243; _builder_version=\u00bb4.27.4&#8243; _module_preset=\u00bbdefault\u00bb custom_margin=\u00bb||33px||false|false\u00bb custom_padding=\u00bb|200px|||false|false\u00bb hover_enabled=\u00bb0&#8243; border_width_all=\u00bb3px\u00bb border_color_all=\u00bbgcid-a22f2c3a-dbdd-4f82-919b-32b4b80e0297&#8243; global_colors_info=\u00bb{%22gcid-a22f2c3a-dbdd-4f82-919b-32b4b80e0297%22:%91%22border_color_all%22%93}\u00bb custom_padding_last_edited=\u00bbon|phone\u00bb custom_padding_phone=\u00bb|25%||25%|false|true\u00bb sticky_enabled=\u00bb0&#8243; custom_padding_tablet=\u00bb|200px|||false|false\u00bb][et_pb_column_inner type=\u00bb1_3&#8243; saved_specialty_column_type=\u00bb2_3&#8243; _builder_version=\u00bb4.27.0&#8243; _module_preset=\u00bbdefault\u00bb global_colors_info=\u00bb{}\u00bb][et_pb_image src=\u00bbhttps:\/\/sehaceweb.com\/habitat180\/wp-content\/uploads\/2024\/07\/servicios-1.png\u00bb title_text=\u00bbservicios\u00bb align=\u00bbcenter\u00bb _builder_version=\u00bb4.27.0&#8243; _module_preset=\u00bbdefault\u00bb width=\u00bb45%\u00bb custom_margin=\u00bb||25px|||\u00bb global_colors_info=\u00bb{}\u00bb][\/et_pb_image][et_pb_text _builder_version=\u00bb4.27.0&#8243; _module_preset=\u00bbdefault\u00bb text_font=\u00bbMontserrat|700|||||||\u00bb text_font_size=\u00bb26px\u00bb text_line_height=\u00bb1em\u00bb text_orientation=\u00bbcenter\u00bb custom_margin=\u00bb1px|||||\u00bb text_letter_spacing_tablet=\u00bb\u00bb text_letter_spacing_phone=\u00bb\u00bb text_letter_spacing_last_edited=\u00bbon|desktop\u00bb global_colors_info=\u00bb{}\u00bb]Servicios<br \/>\ncompletos[\/et_pb_text][\/et_pb_column_inner][et_pb_column_inner type=\u00bb1_3&#8243; saved_specialty_column_type=\u00bb2_3&#8243; _builder_version=\u00bb4.27.0&#8243; _module_preset=\u00bbdefault\u00bb global_colors_info=\u00bb{}\u00bb][et_pb_image src=\u00bbhttps:\/\/sehaceweb.com\/habitat180\/wp-content\/uploads\/2024\/07\/atencion-1.png\u00bb title_text=\u00bbatencion\u00bb align=\u00bbcenter\u00bb _builder_version=\u00bb4.27.0&#8243; _module_preset=\u00bbdefault\u00bb width=\u00bb45%\u00bb custom_margin=\u00bb||21px|||\u00bb global_colors_info=\u00bb{}\u00bb][\/et_pb_image][et_pb_text _builder_version=\u00bb4.27.0&#8243; _module_preset=\u00bbdefault\u00bb text_font=\u00bbMontserrat|700|||||||\u00bb text_font_size=\u00bb26px\u00bb text_line_height=\u00bb1em\u00bb text_orientation=\u00bbcenter\u00bb custom_margin=\u00bb1px|||||\u00bb text_letter_spacing_tablet=\u00bb\u00bb text_letter_spacing_phone=\u00bb\u00bb text_letter_spacing_last_edited=\u00bbon|desktop\u00bb global_colors_info=\u00bb{}\u00bb]Atenci\u00f3n<br \/>\npersonalizada[\/et_pb_text][\/et_pb_column_inner][et_pb_column_inner type=\u00bb1_3&#8243; saved_specialty_column_type=\u00bb2_3&#8243; _builder_version=\u00bb4.27.0&#8243; _module_preset=\u00bbdefault\u00bb global_colors_info=\u00bb{}\u00bb][et_pb_image src=\u00bbhttps:\/\/sehaceweb.com\/habitat180\/wp-content\/uploads\/2024\/07\/amenidades-1.png\u00bb title_text=\u00bbamenidades\u00bb align=\u00bbcenter\u00bb _builder_version=\u00bb4.27.0&#8243; _module_preset=\u00bbdefault\u00bb width=\u00bb45%\u00bb custom_margin=\u00bb||21px|||\u00bb global_colors_info=\u00bb{}\u00bb][\/et_pb_image][et_pb_text _builder_version=\u00bb4.27.0&#8243; _module_preset=\u00bbdefault\u00bb text_font=\u00bbMontserrat|700|||||||\u00bb text_font_size=\u00bb26px\u00bb text_line_height=\u00bb1em\u00bb text_orientation=\u00bbcenter\u00bb custom_margin=\u00bb1px|||||\u00bb text_letter_spacing_tablet=\u00bb\u00bb text_letter_spacing_phone=\u00bb\u00bb text_letter_spacing_last_edited=\u00bbon|desktop\u00bb global_colors_info=\u00bb{}\u00bb]Amenidades<br \/>\ny m\u00e1s[\/et_pb_text][\/et_pb_column_inner][\/et_pb_row_inner][et_pb_row_inner _builder_version=\u00bb4.27.0&#8243; _module_preset=\u00bbdefault\u00bb custom_padding=\u00bb0px||62px|||\u00bb global_colors_info=\u00bb{}\u00bb][et_pb_column_inner saved_specialty_column_type=\u00bb2_3&#8243; _builder_version=\u00bb4.27.0&#8243; _module_preset=\u00bbdefault\u00bb global_colors_info=\u00bb{}\u00bb][et_pb_button button_url=\u00bbhttps:\/\/sehaceweb.com\/habitat180\/\u00bb button_text=\u00bbRESERVA TU H\u00c1BITAT\u00bb button_alignment=\u00bbcenter\u00bb _builder_version=\u00bb4.27.0&#8243; _module_preset=\u00bbdefault\u00bb custom_button=\u00bbon\u00bb button_text_size=\u00bb18px\u00bb button_text_color=\u00bb#FFFFFF\u00bb button_bg_color=\u00bbgcid-81619cf3-3f97-4130-a046-e9d67e0991bc\u00bb button_border_width=\u00bb0px\u00bb button_font=\u00bbMontserrat|700|||||||\u00bb global_colors_info=\u00bb{%22gcid-81619cf3-3f97-4130-a046-e9d67e0991bc%22:%91%22button_bg_color%22%93}\u00bb][\/et_pb_button][\/et_pb_column_inner][\/et_pb_row_inner][\/et_pb_column][\/et_pb_section][et_pb_section fb_built=\u00bb1&#8243; custom_padding_last_edited=\u00bbon|phone\u00bb _builder_version=\u00bb4.27.0&#8243; _module_preset=\u00bbdefault\u00bb background_color=\u00bb#FFFFFF\u00bb custom_padding=\u00bb100px||100px||true|false\u00bb custom_padding_tablet=\u00bb0px||0px||true|false\u00bb custom_padding_phone=\u00bb100px||30px||false|false\u00bb global_colors_info=\u00bb{}\u00bb][et_pb_row _builder_version=\u00bb4.27.0&#8243; _module_preset=\u00bbdefault\u00bb global_colors_info=\u00bb{}\u00bb][et_pb_column type=\u00bb4_4&#8243; _builder_version=\u00bb4.27.0&#8243; _module_preset=\u00bbdefault\u00bb global_colors_info=\u00bb{}\u00bb][et_pb_image src=\u00bbhttps:\/\/sehaceweb.com\/habitat180\/wp-content\/uploads\/2024\/12\/imagen_2024-12-06_200557381.png\u00bb title_text=\u00bbimagen_2024-12-06_200557381&#8243; align=\u00bbcenter\u00bb _builder_version=\u00bb4.27.0&#8243; _module_preset=\u00bbdefault\u00bb global_colors_info=\u00bb{}\u00bb][\/et_pb_image][\/et_pb_column][\/et_pb_row][et_pb_row column_structure=\u00bb1_3,1_3,1_3&#8243; _builder_version=\u00bb4.27.0&#8243; _module_preset=\u00bbdefault\u00bb width_tablet=\u00bb\u00bb width_phone=\u00bb95%\u00bb width_last_edited=\u00bbon|phone\u00bb global_colors_info=\u00bb{}\u00bb][et_pb_column type=\u00bb1_3&#8243; _builder_version=\u00bb4.27.0&#8243; _module_preset=\u00bbdefault\u00bb background_color=\u00bb#FFFFFF\u00bb box_shadow_style=\u00bbpreset1&#8243; global_colors_info=\u00bb{}\u00bb][et_pb_blurb title=\u00bbALOJAMIENTO\u00bb use_icon=\u00bbon\u00bb font_icon=\u00bb&#xf3c5;||fa||900&#8243; icon_color=\u00bbgcid-81619cf3-3f97-4130-a046-e9d67e0991bc\u00bb _builder_version=\u00bb4.27.0&#8243; _module_preset=\u00bbdefault\u00bb header_font=\u00bbMontserrat|800|||||||\u00bb header_text_align=\u00bbcenter\u00bb body_font=\u00bbMontserrat||||||||\u00bb body_text_align=\u00bbcenter\u00bb body_text_color=\u00bb#000000&#8243; body_font_size=\u00bb18px\u00bb body_line_height=\u00bb1.4em\u00bb body_link_font=\u00bbMontserrat||||||||\u00bb body_link_text_color=\u00bbgcid-a22f2c3a-dbdd-4f82-919b-32b4b80e0297&#8243; background_color=\u00bb#FFFFFF\u00bb custom_margin=\u00bb4.1%|5%|4.1%|5%|true|true\u00bb custom_padding=\u00bb19px|40px|19px|40px|true|true\u00bb border_radii=\u00bbon|15px|15px|15px|15px\u00bb border_width_all=\u00bb1px\u00bb border_color_all=\u00bbgcid-a22f2c3a-dbdd-4f82-919b-32b4b80e0297&#8243; global_colors_info=\u00bb{%22gcid-81619cf3-3f97-4130-a046-e9d67e0991bc%22:%91%22icon_color%22%93,%22gcid-a22f2c3a-dbdd-4f82-919b-32b4b80e0297%22:%91%22border_color_all%22,%22body_link_text_color%22%93}\u00bb body_link_font_size__hover_enabled=\u00bbon|hover\u00bb body_link_font_size__hover=\u00bb22px\u00bb]<\/p>\n<p>Si est\u00e1s interesado en rentar un h\u00e1bitat en cualquiera de nuestros destinos,<\/p>\n<p>\u00a1hazlo ahora mismo!<\/p>\n<p><a href=\"#\">M\u00c1S INFORMACI\u00d3N<\/a><\/p>\n<p>[\/et_pb_blurb][\/et_pb_column][et_pb_column type=\u00bb1_3&#8243; _builder_version=\u00bb4.27.0&#8243; _module_preset=\u00bbdefault\u00bb background_color=\u00bb#FFFFFF\u00bb box_shadow_style=\u00bbpreset1&#8243; global_colors_info=\u00bb{}\u00bb][et_pb_blurb title=\u00bbRENTAR UN HABITAT\u00bb use_icon=\u00bbon\u00bb font_icon=\u00bb&#xf015;||fa||900&#8243; icon_color=\u00bbgcid-81619cf3-3f97-4130-a046-e9d67e0991bc\u00bb _builder_version=\u00bb4.27.0&#8243; _module_preset=\u00bbdefault\u00bb header_font=\u00bbMontserrat|800|||||||\u00bb header_text_align=\u00bbcenter\u00bb body_font=\u00bbMontserrat||||||||\u00bb body_text_align=\u00bbcenter\u00bb body_text_color=\u00bb#000000&#8243; body_font_size=\u00bb18px\u00bb body_line_height=\u00bb1.4em\u00bb body_link_text_color=\u00bbgcid-a22f2c3a-dbdd-4f82-919b-32b4b80e0297&#8243; background_color=\u00bb#FFFFFF\u00bb custom_margin=\u00bb5%|5%|5%|5%|true|true\u00bb custom_padding=\u00bb30px|40px|30px|40px|true|true\u00bb border_radii=\u00bbon|15px|15px|15px|15px\u00bb border_width_all=\u00bb1px\u00bb border_color_all=\u00bbgcid-a22f2c3a-dbdd-4f82-919b-32b4b80e0297&#8243; global_colors_info=\u00bb{%22gcid-81619cf3-3f97-4130-a046-e9d67e0991bc%22:%91%22icon_color%22%93,%22gcid-a22f2c3a-dbdd-4f82-919b-32b4b80e0297%22:%91%22border_color_all%22,%22body_link_text_color%22%93}\u00bb body_link_font_size__hover_enabled=\u00bbon|hover\u00bb body_link_font_size__hover=\u00bb22px\u00bb]<\/p>\n<p>\u00bfEst\u00e1s buscando poner en renta tu casa como destino vacacional?<\/p>\n<p>\u00a1Nosotros te ayudamos!<\/p>\n<p><a href=\"#\">M\u00c1S INFORMACI\u00d3N<\/a><\/p>\n<p>[\/et_pb_blurb][\/et_pb_column][et_pb_column type=\u00bb1_3&#8243; _builder_version=\u00bb4.16&#8243; _module_preset=\u00bbdefault\u00bb background_color=\u00bb#FFFFFF\u00bb box_shadow_style=\u00bbpreset1&#8243; global_colors_info=\u00bb{}\u00bb][et_pb_blurb title=\u00bbADMINISTRA TU RENTA\u00bb use_icon=\u00bbon\u00bb font_icon=\u00bb&#xf274;||fa||900&#8243; icon_color=\u00bbgcid-81619cf3-3f97-4130-a046-e9d67e0991bc\u00bb _builder_version=\u00bb4.27.0&#8243; _module_preset=\u00bbdefault\u00bb header_font=\u00bbMontserrat|800|||||||\u00bb header_text_align=\u00bbcenter\u00bb body_font=\u00bbMontserrat||||||||\u00bb body_text_align=\u00bbcenter\u00bb body_text_color=\u00bb#000000&#8243; body_font_size=\u00bb18px\u00bb body_line_height=\u00bb1.4em\u00bb body_link_text_color=\u00bbgcid-a22f2c3a-dbdd-4f82-919b-32b4b80e0297&#8243; background_color=\u00bb#FFFFFF\u00bb custom_margin=\u00bb5.7%|5%|5.7%|5%|true|true\u00bb custom_padding=\u00bb37px|40px|37px|40px|false|true\u00bb body_link_font_size_tablet=\u00bb\u00bb body_link_font_size_phone=\u00bb\u00bb body_link_font_size_last_edited=\u00bbon|desktop\u00bb border_radii=\u00bbon|15px|15px|15px|15px\u00bb border_width_all=\u00bb1px\u00bb border_color_all=\u00bbgcid-a22f2c3a-dbdd-4f82-919b-32b4b80e0297&#8243; global_colors_info=\u00bb{%22gcid-81619cf3-3f97-4130-a046-e9d67e0991bc%22:%91%22icon_color%22%93,%22gcid-a22f2c3a-dbdd-4f82-919b-32b4b80e0297%22:%91%22border_color_all%22,%22body_link_text_color%22%93}\u00bb body_link_font_size__hover_enabled=\u00bbon|hover\u00bb body_link_font_size__hover=\u00bb22px\u00bb]<\/p>\n<p>Si tienes una propiedad en alquiler, y no tienes quien cuide de ella, estamos aqu\u00ed para ayudarte<\/p>\n<p><a href=\"#\">M\u00c1S INFORMACI\u00d3N<\/a><\/p>\n<p>[\/et_pb_blurb][\/et_pb_column][\/et_pb_row][\/et_pb_section]<\/p>\n","protected":false},"excerpt":{"rendered":"<p>SERVICIOSInicio | ServiciosPriorizamos t\u00facomodidad y bienestarNuestra misi\u00f3n es crear destinos excepcionales donde puedas desconectarte del mundo y disfrutar de una experiencia inolvidable. Ya sea para unas vacaciones relajantes o para establecer tu oficina temporal, nuestras locaciones est\u00e1n dise\u00f1adas para que cumplas tus metas y aproveches al m\u00e1ximo tu estancia.Servicios completosAtenci\u00f3n personalizadaAmenidades y m\u00e1sSi est\u00e1s interesado [&hellip;]<\/p>\n","protected":false},"author":2,"featured_media":0,"parent":0,"menu_order":0,"comment_status":"closed","ping_status":"open","template":"","meta":{"_et_pb_use_builder":"on","_et_pb_old_content":"","_et_gb_content_width":"","footnotes":""},"class_list":["post-100343","page","type-page","status-publish","hentry"],"_links":{"self":[{"href":"https:\/\/sehaceweb.com\/habitat180\/wp-json\/wp\/v2\/pages\/100343","targetHints":{"allow":["GET"]}}],"collection":[{"href":"https:\/\/sehaceweb.com\/habitat180\/wp-json\/wp\/v2\/pages"}],"about":[{"href":"https:\/\/sehaceweb.com\/habitat180\/wp-json\/wp\/v2\/types\/page"}],"author":[{"embeddable":true,"href":"https:\/\/sehaceweb.com\/habitat180\/wp-json\/wp\/v2\/users\/2"}],"replies":[{"embeddable":true,"href":"https:\/\/sehaceweb.com\/habitat180\/wp-json\/wp\/v2\/comments?post=100343"}],"version-history":[{"count":6,"href":"https:\/\/sehaceweb.com\/habitat180\/wp-json\/wp\/v2\/pages\/100343\/revisions"}],"predecessor-version":[{"id":100410,"href":"https:\/\/sehaceweb.com\/habitat180\/wp-json\/wp\/v2\/pages\/100343\/revisions\/100410"}],"wp:attachment":[{"href":"https:\/\/sehaceweb.com\/habitat180\/wp-json\/wp\/v2\/media?parent=100343"}],"curies":[{"name":"wp","href":"https:\/\/api.w.org\/{rel}","templated":true}]}}